{"id":1507,"date":"2023-04-27T15:30:11","date_gmt":"2023-04-27T12:30:11","guid":{"rendered":"https:\/\/nordichills.eu\/shop\/Ei-luokiteltu\/original-maple-blend-10-kg\/"},"modified":"2023-09-11T15:53:46","modified_gmt":"2023-09-11T12:53:46","slug":"original-maple-blend-10-kg","status":"publish","type":"product","link":"https:\/\/nordichills.eu\/fi\/verkkokauppa\/bbq-pelletit\/original-maple-blend-10-kg\/","title":{"rendered":"Original Maple blend 10 kg"},"content":{"rendered":"<p><strong>Ominaisuudet:<\/strong><\/p>\n<ul>\n<li>100 % luonnonpuuta ja aito puunmaku<\/li>\n<li>Ei keinotekoisia hajusteita, aromeja tai \u00f6ljyj\u00e4<\/li>\n<li>Ei lis\u00e4ttyj\u00e4 sidosaineita tai geenimuunneltuja ainesosia<\/li>\n<li>Sopii ulkok\u00e4ytt\u00f6\u00f6n tarkoitetuille pellettigrilleihin ja savustimiin<\/li>\n<li>Puhdas ja tasainen palaminen<\/li>\n<li>V\u00e4hemm\u00e4n tuhkaa ja huoltoa<\/li>\n<li>Upea luonnollinen maku<\/li>\n<li>Sopii BBQ-grillaukseen, savustukseen, paistamiseen, perinteiseen grillaukseen, paistamiseen ja haudutukseen<\/li>\n<li>Sopii punaiselle lihalle, vaalealle lihalle, kalalle ja k\u00e4yt\u00e4nn\u00f6ss\u00e4 miltei kaikenlaisille aineksille<\/li>\n<\/ul>\n<p><strong>Koostumus ja valmistus:<\/strong><\/p>\n<p>Lehtipuusta tehdyt pelletit on valmistettu Yhdysvalloissa.<\/p>\n<p>Original Maple -sekoitus sis\u00e4lt\u00e4\u00e4 p\u00e4\u00e4asiassa vaahteralajeja. Koostumusta voidaan muuttaa ilman ennakkoilmoitusta kauden, alueen ja saatavuuden mukaan.<\/p>\n<p><strong>S\u00e4ilytys ja k\u00e4ytt\u00f6:<\/strong><\/p>\n<p>S\u00e4ilytett\u00e4v\u00e4 kuivassa paikassa. Katso s\u00e4ilytyst\u00e4 k\u00e4ytt\u00f6\u00e4 koskevat ohjeet pakkauksesta.<\/p>\n","protected":false},"excerpt":{"rendered":"<p><strong>Maut<\/strong> \u2013 100% Vaahtera<br \/>\n<strong>Paino<\/strong> \u2013 10 kg\/ pakkaus<\/p>\n<p>Karamellimaiset ja p\u00e4hkin\u00e4iset aromit sopivat hyvin useimmille lihoille.<br \/>\nSopii erinomaisesti punaiselle lihalle ja lampaanlihalle.<\/p>\n<p>Pakkauksen kuva on havainnollinen ja voi poiketa pakkauksen todellisesta ulkon\u00e4\u00f6st\u00e4.<\/p>\n<p>&nbsp;<\/p>\n","protected":false},"featured_media":1468,"template":"","meta":[],"product_brand":[],"product_cat":[135],"product_tag":[],"class_list":{"0":"post-1507","1":"product","2":"type-product","3":"status-publish","4":"has-post-thumbnail","6":"product_cat-bbq-pelletit","8":"first","9":"instock","10":"taxable","11":"shipping-taxable","12":"purchasable","13":"product-type-simple"},"_links":{"self":[{"href":"https:\/\/nordichills.eu\/fi\/wp-json\/wp\/v2\/product\/1507","targetHints":{"allow":["GET"]}}],"collection":[{"href":"https:\/\/nordichills.eu\/fi\/wp-json\/wp\/v2\/product"}],"about":[{"href":"https:\/\/nordichills.eu\/fi\/wp-json\/wp\/v2\/types\/product"}],"wp:featuredmedia":[{"embeddable":true,"href":"https:\/\/nordichills.eu\/fi\/wp-json\/wp\/v2\/media\/1468"}],"wp:attachment":[{"href":"https:\/\/nordichills.eu\/fi\/wp-json\/wp\/v2\/media?parent=1507"}],"wp:term":[{"taxonomy":"product_brand","embeddable":true,"href":"https:\/\/nordichills.eu\/fi\/wp-json\/wp\/v2\/product_brand?post=1507"},{"taxonomy":"product_cat","embeddable":true,"href":"https:\/\/nordichills.eu\/fi\/wp-json\/wp\/v2\/product_cat?post=1507"},{"taxonomy":"product_tag","embeddable":true,"href":"https:\/\/nordichills.eu\/fi\/wp-json\/wp\/v2\/product_tag?post=1507"}],"curies":[{"name":"wp","href":"https:\/\/api.w.org\/{rel}","templated":true}]}}