{"id":1302,"date":"2023-04-27T14:51:06","date_gmt":"2023-04-27T11:51:06","guid":{"rendered":"https:\/\/nordichills.eu\/shop\/maaratlemata\/original-cherry-blend-10-kg\/"},"modified":"2025-07-21T12:10:54","modified_gmt":"2025-07-21T09:10:54","slug":"original-cherry-blend-10-kg","status":"publish","type":"product","link":"https:\/\/nordichills.eu\/et\/pood\/bbq-pelletid\/original-cherry-blend-10-kg\/","title":{"rendered":"Original Cherry blend 10 kg"},"content":{"rendered":"<p><strong>\u00dcldised omadused:<\/strong><\/p>\n<ul>\n<li>100% naturaalne puhas puit ja puidul\u00f5hn<\/li>\n<li>Ei sisalda kunstlikke maitseaineid, lisaaineid ega \u00f5lisid<\/li>\n<li>Ilma lisatud sideainete ja GMOdeta<\/li>\n<li>Sobib v\u00e4ligrillidele ja suitsutusahjudele<\/li>\n<li>Puhas ja stabiilne p\u00f5lemine<\/li>\n<li>V\u00e4hem tuhka ja v\u00e4hem hooldust<\/li>\n<li>H\u00e4mmastav looduslik maitse<\/li>\n<li>Sobib grillimiseks, suitsutamiseks, praadimiseks, grillimiseks, k\u00fcpsetamiseks, hautamiseks<\/li>\n<li>Sobib h\u00e4sti liha, kana, kala ja s\u00f5na otseses m\u00f5ttes k\u00f5igega<\/li>\n<\/ul>\n<p><strong>Koostis ja tootmine:<\/strong><\/p>\n<p>USA-s valmistatud lehtpuugraanulid. Lehtpuu p\u00e4ritolu on USA.<\/p>\n<p>Original Cherry blend \u2013 P\u00f5hiliselt kirsiliigid. Liigiline koostis v\u00f5ib hooajalisuse, piirkondlikkuse ja saadavuse t\u00f5ttu ette teatamata muutuda.<\/p>\n<p><strong>Ettevaatusabin\u00f5ud ladustamisel ja kasutamisel:<\/strong><\/p>\n<p>Hoida kuivas kohas. Vaata pakendilt s\u00e4ilitus- ja kasutusjuhiseid.<\/p>\n","protected":false},"excerpt":{"rendered":"<p><strong>Maitse<\/strong> &#8211; 100% Kirss<br \/>\n<strong>Kaal<\/strong> \u2013 10 kg\/ pakk<\/p>\n<p>Annab teie lihale ja kanale lille- ja mandlimaitse.<br \/>\nParim linnuliha suitsetamiseks.<\/p>\n<p>Pakendi pilt on illustratiivne ja v\u00f5ib tegelikust pakendi kujundusest erineda.<\/p>\n<p>&nbsp;<\/p>\n","protected":false},"featured_media":1269,"template":"","meta":[],"product_brand":[],"product_cat":[126],"product_tag":[],"class_list":{"0":"post-1302","1":"product","2":"type-product","3":"status-publish","4":"has-post-thumbnail","6":"product_cat-bbq-pelletid","8":"first","9":"instock","10":"taxable","11":"shipping-taxable","12":"purchasable","13":"product-type-simple"},"_links":{"self":[{"href":"https:\/\/nordichills.eu\/et\/wp-json\/wp\/v2\/product\/1302","targetHints":{"allow":["GET"]}}],"collection":[{"href":"https:\/\/nordichills.eu\/et\/wp-json\/wp\/v2\/product"}],"about":[{"href":"https:\/\/nordichills.eu\/et\/wp-json\/wp\/v2\/types\/product"}],"wp:featuredmedia":[{"embeddable":true,"href":"https:\/\/nordichills.eu\/et\/wp-json\/wp\/v2\/media\/1269"}],"wp:attachment":[{"href":"https:\/\/nordichills.eu\/et\/wp-json\/wp\/v2\/media?parent=1302"}],"wp:term":[{"taxonomy":"product_brand","embeddable":true,"href":"https:\/\/nordichills.eu\/et\/wp-json\/wp\/v2\/product_brand?post=1302"},{"taxonomy":"product_cat","embeddable":true,"href":"https:\/\/nordichills.eu\/et\/wp-json\/wp\/v2\/product_cat?post=1302"},{"taxonomy":"product_tag","embeddable":true,"href":"https:\/\/nordichills.eu\/et\/wp-json\/wp\/v2\/product_tag?post=1302"}],"curies":[{"name":"wp","href":"https:\/\/api.w.org\/{rel}","templated":true}]}}