{"id":1297,"date":"2023-04-29T13:55:52","date_gmt":"2023-04-29T10:55:52","guid":{"rendered":"https:\/\/nordichills.eu\/shop\/maaratlemata\/original-oak-maple-blend-10-kg\/"},"modified":"2026-04-22T15:36:34","modified_gmt":"2026-04-22T12:36:34","slug":"original-oak-maple-blend-10-kg","status":"publish","type":"product","link":"https:\/\/nordichills.eu\/et\/pood\/bbq-pelletid\/original-oak-maple-blend-10-kg\/","title":{"rendered":"Original Oak Maple blend 10 kg"},"content":{"rendered":"<p><strong>\u00dcldised omadused:<\/strong><\/p>\n<ul>\n<li>100% naturaalne puhas puit ja puidul\u00f5hn<\/li>\n<li>Ei sisalda kunstlikke maitseaineid, lisaaineid ega \u00f5lisid<\/li>\n<li>Ei sisalda sideaineid ega GMO-sid<\/li>\n<li>Sobib v\u00e4ligrillidele ja suitsuahjudele<\/li>\n<li>Puhas ja stabiilne p\u00f5lemine<\/li>\n<li>V\u00e4hem tuhka ja v\u00e4hem hooldust<\/li>\n<li>H\u00e4mmastav looduslik maitse<\/li>\n<li>Sobib grillimiseks, suitsutamiseks, praadimiseks, grillimiseks, k\u00fcpsetamiseks, hautamiseks<\/li>\n<li>Sobib h\u00e4sti liha, kana, kala ning praktiliselt k\u00f5ige muu valmistamiseks<\/li>\n<\/ul>\n<p><strong>Koostis ja tootmine:<\/strong><\/p>\n<p>USA-s valmistatud lehtpuugraanulid. Lehtpuu p\u00e4ritolu on USA.<\/p>\n<p>Original Oak Maple blend &#8211; P\u00f5hiliselt tammepuu ja vahtrapuu segu. Liigiline koostis v\u00f5ib hooajalisuse, piirkondlike erip\u00e4rade ja saadavuse t\u00f5ttu ette teatamata muutuda.<\/p>\n<p><strong>Ettevaatusabin\u00f5ud ladustamisel ja kasutamisel:<\/strong><\/p>\n<p>Hoida kuivas kohas. Vaata pakendilt s\u00e4ilitus- ja kasutusjuhiseid.<\/p>\n","protected":false},"excerpt":{"rendered":"<p><strong>Maitse<\/strong> \u2013 tammepuu ja vahtrapuu segu<br \/>\n<strong>Kaal<\/strong> \u2013 10 kg\/ pakk<\/p>\n<p>Muudab k\u00f5ik teie grillroad eriti maitsvaks ja aromaatseks.<br \/>\nIdeaalne igasuguse toidu valmistamiseks.<\/p>\n<p>Pakendi pilt on illustratiivne ja v\u00f5ib tegelikust pakendi kujundusest erineda.<\/p>\n","protected":false},"featured_media":1272,"template":"","meta":[],"product_brand":[],"product_cat":[126],"product_tag":[],"class_list":{"0":"post-1297","1":"product","2":"type-product","3":"status-publish","4":"has-post-thumbnail","6":"product_cat-bbq-pelletid","8":"first","9":"instock","10":"taxable","11":"shipping-taxable","12":"purchasable","13":"product-type-simple"},"_links":{"self":[{"href":"https:\/\/nordichills.eu\/et\/wp-json\/wp\/v2\/product\/1297","targetHints":{"allow":["GET"]}}],"collection":[{"href":"https:\/\/nordichills.eu\/et\/wp-json\/wp\/v2\/product"}],"about":[{"href":"https:\/\/nordichills.eu\/et\/wp-json\/wp\/v2\/types\/product"}],"wp:featuredmedia":[{"embeddable":true,"href":"https:\/\/nordichills.eu\/et\/wp-json\/wp\/v2\/media\/1272"}],"wp:attachment":[{"href":"https:\/\/nordichills.eu\/et\/wp-json\/wp\/v2\/media?parent=1297"}],"wp:term":[{"taxonomy":"product_brand","embeddable":true,"href":"https:\/\/nordichills.eu\/et\/wp-json\/wp\/v2\/product_brand?post=1297"},{"taxonomy":"product_cat","embeddable":true,"href":"https:\/\/nordichills.eu\/et\/wp-json\/wp\/v2\/product_cat?post=1297"},{"taxonomy":"product_tag","embeddable":true,"href":"https:\/\/nordichills.eu\/et\/wp-json\/wp\/v2\/product_tag?post=1297"}],"curies":[{"name":"wp","href":"https:\/\/api.w.org\/{rel}","templated":true}]}}